{"id":468,"date":"2017-05-31T11:14:15","date_gmt":"2017-05-31T11:14:15","guid":{"rendered":"http:\/\/mintc4ac760.wirt20.bhlink.pl\/?page_id=468"},"modified":"2024-04-11T19:09:15","modified_gmt":"2024-04-11T19:09:15","slug":"aplikacja-2","status":"publish","type":"page","link":"https:\/\/euroshipping.pl\/?page_id=468&lang=pl","title":{"rendered":"Aplikacja"},"content":{"rendered":"<p>[et_pb_section fb_built=&#8221;1&#8243; fullwidth=&#8221;on&#8221; _builder_version=&#8221;4.16&#8243; global_colors_info=&#8221;{}&#8221;][et_pb_fullwidth_slider _builder_version=&#8221;4.16&#8243; parallax=&#8221;on&#8221; custom_padding=&#8221;|||&#8221; custom_padding_tablet=&#8221;|||&#8221; custom_padding_phone=&#8221;|||&#8221; auto=&#8221;on&#8221; auto_speed=&#8221;4000&#8243; custom_css_main_element=&#8221;height: 50vh;&#8221; box_shadow_style=&#8221;preset6&#8243; box_shadow_blur=&#8221;10px&#8221; box_shadow_color=&#8221;rgba(0,0,0,0.1)&#8221; remove_inner_shadow=&#8221;off&#8221; hide_content_on_mobile=&#8221;off&#8221; hide_cta_on_mobile=&#8221;off&#8221; show_inner_shadow=&#8221;on&#8221; button_letter_spacing_hover=&#8221;0&#8243; global_colors_info=&#8221;{}&#8221; button_text_size__hover_enabled=&#8221;off&#8221; button_one_text_size__hover_enabled=&#8221;off&#8221; button_two_text_size__hover_enabled=&#8221;off&#8221; button_text_color__hover_enabled=&#8221;off&#8221; button_one_text_color__hover_enabled=&#8221;off&#8221; button_two_text_color__hover_enabled=&#8221;off&#8221; button_border_width__hover_enabled=&#8221;off&#8221; button_one_border_width__hover_enabled=&#8221;off&#8221; button_two_border_width__hover_enabled=&#8221;off&#8221; button_border_color__hover_enabled=&#8221;off&#8221; button_one_border_color__hover_enabled=&#8221;off&#8221; button_two_border_color__hover_enabled=&#8221;off&#8221; button_border_radius__hover_enabled=&#8221;off&#8221; button_one_border_radius__hover_enabled=&#8221;off&#8221; button_two_border_radius__hover_enabled=&#8221;off&#8221; button_letter_spacing__hover_enabled=&#8221;on&#8221; button_letter_spacing__hover=&#8221;0&#8243; button_one_letter_spacing__hover_enabled=&#8221;off&#8221; button_two_letter_spacing__hover_enabled=&#8221;off&#8221; button_bg_color__hover_enabled=&#8221;off&#8221; button_one_bg_color__hover_enabled=&#8221;off&#8221; button_two_bg_color__hover_enabled=&#8221;off&#8221;][et_pb_slide use_bg_overlay=&#8221;off&#8221; use_text_overlay=&#8221;off&#8221; _builder_version=&#8221;4.16&#8243; header_font=&#8221;||||&#8221; body_font=&#8221;||||&#8221; background_color=&#8221;rgba(219,219,219,0.64)&#8221; background_image=&#8221;\/wp-content\/uploads\/2017\/07\/bg-1-siatka.jpg&#8221; button_icon_placement=&#8221;right&#8221; button_on_hover=&#8221;on&#8221; custom_css_main_element=&#8221;height: 90vh;&#8221; custom_css_slide_title=&#8221;margin-top: 200px !important;&#8221; global_colors_info=&#8221;{}&#8221; button_text_size__hover_enabled=&#8221;off&#8221; button_one_text_size__hover_enabled=&#8221;off&#8221; button_two_text_size__hover_enabled=&#8221;off&#8221; button_text_color__hover_enabled=&#8221;off&#8221; button_one_text_color__hover_enabled=&#8221;off&#8221; button_two_text_color__hover_enabled=&#8221;off&#8221; button_border_width__hover_enabled=&#8221;off&#8221; button_one_border_width__hover_enabled=&#8221;off&#8221; button_two_border_width__hover_enabled=&#8221;off&#8221; button_border_color__hover_enabled=&#8221;off&#8221; button_one_border_color__hover_enabled=&#8221;off&#8221; button_two_border_color__hover_enabled=&#8221;off&#8221; button_border_radius__hover_enabled=&#8221;off&#8221; button_one_border_radius__hover_enabled=&#8221;off&#8221; button_two_border_radius__hover_enabled=&#8221;off&#8221; button_letter_spacing__hover_enabled=&#8221;off&#8221; button_one_letter_spacing__hover_enabled=&#8221;off&#8221; button_two_letter_spacing__hover_enabled=&#8221;off&#8221; button_bg_color__hover_enabled=&#8221;off&#8221; button_one_bg_color__hover_enabled=&#8221;off&#8221; button_two_bg_color__hover_enabled=&#8221;off&#8221; sticky_transition=&#8221;on&#8221;] [\/et_pb_slide][et_pb_slide use_bg_overlay=&#8221;off&#8221; use_text_overlay=&#8221;off&#8221; _builder_version=&#8221;4.16&#8243; header_font=&#8221;||||&#8221; body_font=&#8221;||||&#8221; background_color=&#8221;#ffffff&#8221; background_image=&#8221;\/wp-content\/uploads\/2017\/07\/bg-3a-siatka.jpg&#8221; button_icon_placement=&#8221;right&#8221; button_on_hover=&#8221;on&#8221; custom_css_main_element=&#8221;height: 90vh;&#8221; custom_css_slide_title=&#8221;margin-top: 200px !important;&#8221; global_colors_info=&#8221;{}&#8221; button_text_size__hover_enabled=&#8221;off&#8221; button_one_text_size__hover_enabled=&#8221;off&#8221; button_two_text_size__hover_enabled=&#8221;off&#8221; button_text_color__hover_enabled=&#8221;off&#8221; button_one_text_color__hover_enabled=&#8221;off&#8221; button_two_text_color__hover_enabled=&#8221;off&#8221; button_border_width__hover_enabled=&#8221;off&#8221; button_one_border_width__hover_enabled=&#8221;off&#8221; button_two_border_width__hover_enabled=&#8221;off&#8221; button_border_color__hover_enabled=&#8221;off&#8221; button_one_border_color__hover_enabled=&#8221;off&#8221; button_two_border_color__hover_enabled=&#8221;off&#8221; button_border_radius__hover_enabled=&#8221;off&#8221; button_one_border_radius__hover_enabled=&#8221;off&#8221; button_two_border_radius__hover_enabled=&#8221;off&#8221; button_letter_spacing__hover_enabled=&#8221;off&#8221; button_one_letter_spacing__hover_enabled=&#8221;off&#8221; button_two_letter_spacing__hover_enabled=&#8221;off&#8221; button_bg_color__hover_enabled=&#8221;off&#8221; button_one_bg_color__hover_enabled=&#8221;off&#8221; button_two_bg_color__hover_enabled=&#8221;off&#8221; sticky_transition=&#8221;on&#8221;] [\/et_pb_slide][et_pb_slide use_bg_overlay=&#8221;off&#8221; use_text_overlay=&#8221;off&#8221; _builder_version=&#8221;4.16&#8243; header_font=&#8221;||||&#8221; body_font=&#8221;||||&#8221; background_color=&#8221;#ffffff&#8221; background_image=&#8221;\/wp-content\/uploads\/2017\/07\/bg-4-siatka.jpg&#8221; button_icon_placement=&#8221;right&#8221; button_on_hover=&#8221;on&#8221; custom_css_main_element=&#8221;height: 90vh;&#8221; custom_css_slide_title=&#8221;margin-top: 200px !important;&#8221; global_colors_info=&#8221;{}&#8221; button_text_size__hover_enabled=&#8221;off&#8221; button_one_text_size__hover_enabled=&#8221;off&#8221; button_two_text_size__hover_enabled=&#8221;off&#8221; button_text_color__hover_enabled=&#8221;off&#8221; button_one_text_color__hover_enabled=&#8221;off&#8221; button_two_text_color__hover_enabled=&#8221;off&#8221; button_border_width__hover_enabled=&#8221;off&#8221; button_one_border_width__hover_enabled=&#8221;off&#8221; button_two_border_width__hover_enabled=&#8221;off&#8221; button_border_color__hover_enabled=&#8221;off&#8221; button_one_border_color__hover_enabled=&#8221;off&#8221; button_two_border_color__hover_enabled=&#8221;off&#8221; button_border_radius__hover_enabled=&#8221;off&#8221; button_one_border_radius__hover_enabled=&#8221;off&#8221; button_two_border_radius__hover_enabled=&#8221;off&#8221; button_letter_spacing__hover_enabled=&#8221;off&#8221; button_one_letter_spacing__hover_enabled=&#8221;off&#8221; button_two_letter_spacing__hover_enabled=&#8221;off&#8221; button_bg_color__hover_enabled=&#8221;off&#8221; button_one_bg_color__hover_enabled=&#8221;off&#8221; button_two_bg_color__hover_enabled=&#8221;off&#8221; sticky_transition=&#8221;on&#8221;] [\/et_pb_slide][\/et_pb_fullwidth_slider][\/et_pb_section][et_pb_section fb_built=&#8221;1&#8243; fullwidth=&#8221;on&#8221; _builder_version=&#8221;4.16&#8243; global_colors_info=&#8221;{}&#8221;][et_pb_fullwidth_menu menu_id=&#8221;17&#8243; submenu_direction=&#8221;downwards&#8221; fullwidth_menu=&#8221;off&#8221; active_link_color=&#8221;#ffffff&#8221; _builder_version=&#8221;4.16&#8243; menu_font=&#8221;|on||on|&#8221; menu_text_color=&#8221;#ffffff&#8221; menu_font_size=&#8221;18px&#8221; background_color=&#8221;#c40000&#8243; text_orientation=&#8221;center&#8221; background_layout=&#8221;dark&#8221; global_colors_info=&#8221;{}&#8221;]&nbsp;<br \/>\n[\/et_pb_fullwidth_menu][\/et_pb_section][et_pb_section fb_built=&#8221;1&#8243; disabled_on=&#8221;off|off|off&#8221; module_id=&#8221;kontakt&#8221; _builder_version=&#8221;4.16&#8243; transparent_background=&#8221;off&#8221; make_fullwidth=&#8221;off&#8221; use_custom_width=&#8221;off&#8221; width_unit=&#8221;on&#8221; global_colors_info=&#8221;{}&#8221;][et_pb_row _builder_version=&#8221;4.16&#8243; background_size=&#8221;initial&#8221; background_position=&#8221;top_left&#8221; background_repeat=&#8221;repeat&#8221; global_colors_info=&#8221;{}&#8221;][et_pb_column type=&#8221;4_4&#8243; _builder_version=&#8221;4.16&#8243; custom_padding=&#8221;|||&#8221; global_colors_info=&#8221;{}&#8221; custom_padding__hover=&#8221;|||&#8221;][et_pb_text _builder_version=&#8221;4.24.3&#8243; background_size=&#8221;initial&#8221; background_position=&#8221;top_left&#8221; background_repeat=&#8221;repeat&#8221; hover_enabled=&#8221;0&#8243; use_border_color=&#8221;off&#8221; global_colors_info=&#8221;{}&#8221; sticky_enabled=&#8221;0&#8243;]<\/p>\n<h3>Aplikacja<\/h3>\n<p>&nbsp;<\/p>\n<p>Zach\u0119camy wszystkich zainteresowanych do z\u0142o\u017cenia dokument\u00f3w aplikacyjnych w naszej firmie. Zawsze staramy si\u0119, aby wszystkie kontrakty dla marynarzy by\u0142y korzystne oraz zgodne z mi\u0119dzynarodowymi standardami. Nasz nieustanny rozw\u00f3j pozwala nam zapewni\u0107 prac\u0119 u renomowanych armator\u00f3w na ca\u0142ym \u015bwiecie.<\/p>\n<p><strong>Etapy sk\u0142adania aplikacji:<\/strong><\/p>\n<ul>\n<li>Kontakt telefoniczny z biurem obs\u0142ugi interesant\u00f3w tel: + 48 91 4623599, +48 510 160 210<\/li>\n<li>Poprawne wype\u0142nienie aplikacji zgodnie z instrukcj\u0105 (<a href=\"http:\/\/www.euroshipping.pl\/files\/instrukcja-aplikacja.pdf\" target=\"_blank\" rel=\"noopener noreferrer\">Pobierz instrukcj\u0119<\/a>)<\/li>\n<li>Wzory prawid\u0142owo wype\u0142nionych aplikacji (<a href=\"http:\/\/www.euroshipping.pl\/files\/EmployeesDataSheet2017.pdf\" target=\"_blank\" rel=\"noopener noreferrer\">Wz\u00f3r &#8211; Employee\u2019s Data Sheet<\/a>, <a href=\"http:\/\/www.euroshipping.pl\/files\/RecordOfService.pdf\" target=\"_blank\" rel=\"noopener noreferrer\">Wz\u00f3r &#8211; Record Of Service<\/a>)<\/li>\n<li>Wys\u0142anie aplikacji tylko na adres email: <span id=\"cloak36af99d9919dbf86c053682821d3bc36\"><\/span><a href=\"mailto:aplikacje@euroshipping.pl\">aplikacje@euroshipping.pl<\/a><\/li>\n<\/ul>\n<p><strong>Dokumenty aplikacyjne udost\u0119pniamy w formie elektronicznej:<\/strong><\/p>\n<table style=\"height: 30%;\" border=\"0\" width=\"50%\" cellspacing=\"0\" cellpadding=\"0\">\n<tbody>\n<tr>\n<td>\n<p><img loading=\"lazy\" decoding=\"async\" class=\"wp-image-473 aligncenter\" src=\"\/wp-content\/uploads\/2017\/05\/word-240x300.png\" alt=\"\" width=\"113\" height=\"141\" srcset=\"https:\/\/euroshipping.pl\/wp-content\/uploads\/2017\/05\/word-240x300.png 240w, https:\/\/euroshipping.pl\/wp-content\/uploads\/2017\/05\/word.png 512w\" sizes=\"auto, (max-width: 113px) 100vw, 113px\" \/><\/p>\n<p style=\"text-align: center;\"><a title=\"ESS Employees Data Sheet \" href=\"http:\/\/www.euroshipping.pl\/files\/F.85.2_Employees_Data_Sheet_2017_Euroshipping.doc\"><strong>ESS Employees Data Sheet***<\/strong><\/a><\/p>\n<\/td>\n<td>\n<h4><img loading=\"lazy\" decoding=\"async\" class=\"wp-image-473 aligncenter\" src=\"\/wp-content\/uploads\/2017\/05\/word-240x300.png\" alt=\"\" width=\"113\" height=\"141\" srcset=\"https:\/\/euroshipping.pl\/wp-content\/uploads\/2017\/05\/word-240x300.png 240w, https:\/\/euroshipping.pl\/wp-content\/uploads\/2017\/05\/word.png 512w\" sizes=\"auto, (max-width: 113px) 100vw, 113px\" \/><\/h4>\n<p style=\"text-align: center;\"><strong><a title=\"ESS Record of Servic\" href=\"http:\/\/www.euroshipping.pl\/files\/ESS_Record_of_Service_N.doc\">ESS Record of Service***<\/a><\/strong><\/p>\n<\/td>\n<\/tr>\n<\/tbody>\n<\/table>\n<p style=\"text-align: center;\"><span style=\"color: #ff6600;\">\u00a0*** Aby prawid\u0142owo pobra\u0107 plik u\u017cyj przegl\u0105darki Firefox lub Edge (w Chrome nale\u017cy klikn\u0105\u0107 na link prawym przyciskiem myszy i wybra\u0107 opcj\u0119 zapisz link jako&#8230;)<\/span><\/p>\n<p>&nbsp;<\/p>\n<div id=\"ckimgrsz\">\n<p><strong><em>Klauzula informacyjna :<\/em><\/strong><em>Zgodnie z art. 13 ust. 1\u22122 rozporz\u0105dzenia Parlamentu Europejskiego i Rady (UE) 2016\/679 z 27.04.2016 r. w sprawie ochrony os\u00f3b fizycznych w zwi\u0105zku z przetwarzaniem danych osobowych i w sprawie swobodnego przep\u0142ywu takich danych oraz uchylenia dyrektywy 95\/46\/WE (og\u00f3lne rozporz\u0105dzenie o ochronie danych) (Dz. Urz. UE L 119, s. 1) \u2013 dalej RODO \u2212<strong>informujemy, \u017ce:<\/strong><\/em><\/p>\n<p><em>1.Administratorem danych osobowych przes\u0142anych i udost\u0119pnionych\u00a0 dobrowolnie przez Kandydata mailem,\u00a0\u00a0jest <strong>Euro Shipping Services Sp. z o.o. Ul. Energetyk\u00f3w 9 pok. 110, 70-656 Szczecin<\/strong> tel: 0048 (91) 462 35 99 e-mail: euroservices@ pro.onet.pl<\/em><\/p>\n<p><em>2.Pani\/Pana dane osobowe przetwarzane b\u0119d\u0105 w celu realizacji umowy\u00a0\u2013 procesu rekrutacji \u00a0(art. 6 ust 1.lit a-b RODO, art.9 ust1.lit a,b)<\/em><\/p>\n<p><em>3.Przys\u0142uguje Pani\/Panu prawo dost\u0119pu do tre\u015bci danych oraz ich sprostowania, usuni\u0119cia lub ograniczenia\u00a0przetwarzania, a tak\u017ce prawo sprzeciwu, za\u017c\u0105dania zaprzestania przetwarzania i przenoszenia danych, jak\u00a0r\u00f3wnie\u017c prawo do cofni\u0119cia zgody w dowolnym momencie oraz prawo do wniesienia skargi do organu\u00a0nadzorczego tj. Prezes Urz\u0119du Ochrony Danych Osobowych.<\/em><\/p>\n<p><em>4.Podanie danych w formularzu aplikacyjnym \u00a0jest dobrowolne, aczkolwiek\u00a0 niezb\u0119dne do dalszych proces\u00f3w rekrutacyjnych, zgodnych z wymogami Konwencji o pracy na morzu 2006r.<\/em><\/p>\n<p><em>5.Dane udost\u0119pnione przez Pani\u0105\/Pana b\u0119d\u0105 podlega\u0142y udost\u0119pnieniu podmiotom trzecim, a mianowicie armatorom na zlecenie, kt\u00f3rych administrator rekrutuje kandydat\u00f3w, \u00a0oraz podmiotom \u015bwiadcz\u0105cym us\u0142ugi po\u015brednictwa pracy dla os\u00f3b poszukuj\u0105cych pracy na statkach. Odbiorcami\u00a0danych b\u0119d\u0105 tak\u017ce instytucje upowa\u017cnione z mocy prawa.<\/em><\/p>\n<p><em>6.Dane udost\u0119pnione przez Pani\u0105\/Pana nie b\u0119d\u0105 podlega\u0142y profilowaniu.<\/em><\/p>\n<p><em>7.Administrator danych nie ma zamiaru przekazywa\u0107 danych osobowych do pa\u0144stwa trzeciego.<\/em><\/p>\n<p><em>8.Dane osobowe b\u0119d\u0105 przechowywane przez okres 5 lat, licz\u0105c od pocz\u0105tku roku nast\u0119puj\u0105cego po\u00a0roku, w kt\u00f3rym zosta\u0142a wyra\u017cona zgoda na przetwarzanie danych osobowych.<\/em><\/p>\n<\/div>\n<p>[\/et_pb_text][\/et_pb_column][\/et_pb_row][\/et_pb_section]<\/p>\n","protected":false},"excerpt":{"rendered":"<p>&nbsp; Aplikacja &nbsp; Zach\u0119camy wszystkich zainteresowanych do z\u0142o\u017cenia dokument\u00f3w aplikacyjnych w naszej firmie. Zawsze staramy si\u0119, aby wszystkie kontrakty dla marynarzy by\u0142y korzystne oraz zgodne z mi\u0119dzynarodowymi standardami. Nasz nieustanny rozw\u00f3j pozwala nam zapewni\u0107 prac\u0119 u renomowanych armator\u00f3w na ca\u0142ym \u015bwiecie. Etapy sk\u0142adania aplikacji: Kontakt telefoniczny z biurem obs\u0142ugi interesant\u00f3w tel: + 48 91 4623599, [&hellip;]<\/p>\n","protected":false},"author":1,"featured_media":0,"parent":0,"menu_order":0,"comment_status":"closed","ping_status":"closed","template":"","meta":{"_et_pb_use_builder":"on","_et_pb_old_content":"","_et_gb_content_width":"","footnotes":""},"class_list":["post-468","page","type-page","status-publish","hentry"],"aioseo_notices":[],"_links":{"self":[{"href":"https:\/\/euroshipping.pl\/index.php?rest_route=\/wp\/v2\/pages\/468","targetHints":{"allow":["GET"]}}],"collection":[{"href":"https:\/\/euroshipping.pl\/index.php?rest_route=\/wp\/v2\/pages"}],"about":[{"href":"https:\/\/euroshipping.pl\/index.php?rest_route=\/wp\/v2\/types\/page"}],"author":[{"embeddable":true,"href":"https:\/\/euroshipping.pl\/index.php?rest_route=\/wp\/v2\/users\/1"}],"replies":[{"embeddable":true,"href":"https:\/\/euroshipping.pl\/index.php?rest_route=%2Fwp%2Fv2%2Fcomments&post=468"}],"version-history":[{"count":16,"href":"https:\/\/euroshipping.pl\/index.php?rest_route=\/wp\/v2\/pages\/468\/revisions"}],"predecessor-version":[{"id":1109,"href":"https:\/\/euroshipping.pl\/index.php?rest_route=\/wp\/v2\/pages\/468\/revisions\/1109"}],"wp:attachment":[{"href":"https:\/\/euroshipping.pl\/index.php?rest_route=%2Fwp%2Fv2%2Fmedia&parent=468"}],"curies":[{"name":"wp","href":"https:\/\/api.w.org\/{rel}","templated":true}]}}