{"id":462,"date":"2017-05-31T11:08:08","date_gmt":"2017-05-31T11:08:08","guid":{"rendered":"http:\/\/mintc4ac760.wirt20.bhlink.pl\/?page_id=462"},"modified":"2017-07-06T11:36:45","modified_gmt":"2017-07-06T11:36:45","slug":"dla-armatorow","status":"publish","type":"page","link":"https:\/\/euroshipping.pl\/?page_id=462&lang=pl","title":{"rendered":"Dla Armator\u00f3w"},"content":{"rendered":"<p>[et_pb_section admin_label=&#8221;Sekcja&#8221; fullwidth=&#8221;on&#8221; specialty=&#8221;off&#8221;][et_pb_fullwidth_slider admin_label=&#8221;Slider pe\u0142nej szeroko\u015bci&#8221; show_arrows=&#8221;on&#8221; show_pagination=&#8221;on&#8221; auto=&#8221;on&#8221; auto_ignore_hover=&#8221;off&#8221; parallax=&#8221;on&#8221; parallax_method=&#8221;off&#8221; remove_inner_shadow=&#8221;off&#8221; background_position=&#8221;default&#8221; background_size=&#8221;default&#8221; hide_content_on_mobile=&#8221;off&#8221; hide_cta_on_mobile=&#8221;off&#8221; show_image_video_mobile=&#8221;off&#8221; custom_button=&#8221;off&#8221; button_letter_spacing=&#8221;0&#8243; button_use_icon=&#8221;default&#8221; button_icon_placement=&#8221;right&#8221; button_on_hover=&#8221;on&#8221; button_letter_spacing_hover=&#8221;0&#8243; auto_speed=&#8221;4000&#8243; custom_css_main_element=&#8221;height: 50vh;&#8221;] [et_pb_slide background_image=&#8221;\/wp-content\/uploads\/2017\/07\/bg-1-siatka.jpg&#8221; background_position=&#8221;default&#8221; background_size=&#8221;default&#8221; background_color=&#8221;rgba(219,219,219,0.64)&#8221; use_bg_overlay=&#8221;off&#8221; use_text_overlay=&#8221;off&#8221; alignment=&#8221;center&#8221; background_layout=&#8221;dark&#8221; allow_player_pause=&#8221;off&#8221; text_border_radius=&#8221;3&#8243; header_font_select=&#8221;default&#8221; header_font=&#8221;||||&#8221; body_font_select=&#8221;default&#8221; body_font=&#8221;||||&#8221; custom_button=&#8221;off&#8221; button_font_select=&#8221;default&#8221; button_font=&#8221;||||&#8221; button_use_icon=&#8221;default&#8221; button_icon_placement=&#8221;right&#8221; button_on_hover=&#8221;on&#8221; custom_css_main_element=&#8221;height: 90vh;&#8221; text_overlay_color=&#8221;rgba(53,53,53,0.55)&#8221; custom_css_slide_title=&#8221;margin-top: 200px !important;&#8221;] [\/et_pb_slide][et_pb_slide background_image=&#8221;\/wp-content\/uploads\/2017\/07\/bg-3a-siatka.jpg&#8221; background_position=&#8221;default&#8221; background_size=&#8221;default&#8221; background_color=&#8221;#ffffff&#8221; use_bg_overlay=&#8221;off&#8221; use_text_overlay=&#8221;off&#8221; alignment=&#8221;center&#8221; background_layout=&#8221;dark&#8221; allow_player_pause=&#8221;off&#8221; text_border_radius=&#8221;3&#8243; header_font_select=&#8221;default&#8221; header_font=&#8221;||||&#8221; body_font_select=&#8221;default&#8221; body_font=&#8221;||||&#8221; custom_button=&#8221;off&#8221; button_font_select=&#8221;default&#8221; button_font=&#8221;||||&#8221; button_use_icon=&#8221;default&#8221; button_icon_placement=&#8221;right&#8221; button_on_hover=&#8221;on&#8221; custom_css_main_element=&#8221;height: 90vh;&#8221; bg_overlay_color=&#8221;rgba(53,53,53,0.55)&#8221; custom_css_slide_title=&#8221;margin-top: 200px !important;&#8221;] [\/et_pb_slide][et_pb_slide background_image=&#8221;\/wp-content\/uploads\/2017\/07\/bg-4-siatka.jpg&#8221; background_position=&#8221;default&#8221; background_size=&#8221;default&#8221; background_color=&#8221;#ffffff&#8221; use_bg_overlay=&#8221;off&#8221; use_text_overlay=&#8221;off&#8221; alignment=&#8221;center&#8221; background_layout=&#8221;dark&#8221; allow_player_pause=&#8221;off&#8221; text_border_radius=&#8221;3&#8243; header_font_select=&#8221;default&#8221; header_font=&#8221;||||&#8221; body_font_select=&#8221;default&#8221; body_font=&#8221;||||&#8221; custom_button=&#8221;off&#8221; button_font_select=&#8221;default&#8221; button_font=&#8221;||||&#8221; button_use_icon=&#8221;default&#8221; button_icon_placement=&#8221;right&#8221; button_on_hover=&#8221;on&#8221; custom_css_main_element=&#8221;height: 90vh;&#8221; text_overlay_color=&#8221;rgba(53,53,53,0.55)&#8221; custom_css_slide_title=&#8221;margin-top: 200px !important;&#8221;] [\/et_pb_slide] [\/et_pb_fullwidth_slider][\/et_pb_section][et_pb_section admin_label=&#8221;Sekcja&#8221; fullwidth=&#8221;on&#8221; specialty=&#8221;off&#8221;][et_pb_fullwidth_menu admin_label=&#8221;Menu pe\u0142nej szeroko\u015bci&#8221; menu_id=&#8221;17&#8243; background_color=&#8221;#c40000&#8243; background_layout=&#8221;dark&#8221; text_orientation=&#8221;center&#8221; submenu_direction=&#8221;downwards&#8221; fullwidth_menu=&#8221;off&#8221; dropdown_menu_animation=&#8221;fade&#8221; active_link_color=&#8221;#ffffff&#8221; menu_text_color=&#8221;#ffffff&#8221; menu_font=&#8221;|on||on|&#8221; menu_font_size=&#8221;18px&#8221;] [\/et_pb_fullwidth_menu][\/et_pb_section][et_pb_section admin_label=&#8221;Sekcja&#8221; fullwidth=&#8221;off&#8221; specialty=&#8221;off&#8221; transparent_background=&#8221;off&#8221; allow_player_pause=&#8221;off&#8221; inner_shadow=&#8221;off&#8221; parallax=&#8221;off&#8221; parallax_method=&#8221;off&#8221; make_fullwidth=&#8221;off&#8221; use_custom_width=&#8221;off&#8221; width_unit=&#8221;on&#8221; make_equal=&#8221;off&#8221; use_custom_gutter=&#8221;off&#8221; disabled_on=&#8221;off|off|off&#8221; disabled=&#8221;off&#8221;][et_pb_row admin_label=&#8221;row&#8221; make_fullwidth=&#8221;off&#8221; use_custom_width=&#8221;off&#8221; width_unit=&#8221;on&#8221; use_custom_gutter=&#8221;off&#8221; allow_player_pause=&#8221;off&#8221; parallax=&#8221;off&#8221; parallax_method=&#8221;off&#8221; make_equal=&#8221;off&#8221; parallax_1=&#8221;off&#8221; parallax_method_1=&#8221;off&#8221; parallax_2=&#8221;off&#8221; parallax_method_2=&#8221;off&#8221; module_id=&#8221;dlaarmatorow&#8221;][et_pb_column type=&#8221;4_4&#8243;][et_pb_text admin_label=&#8221;Dla armatorow&#8221; background_layout=&#8221;light&#8221; text_orientation=&#8221;left&#8221; use_border_color=&#8221;off&#8221; border_color=&#8221;#ffffff&#8221; border_style=&#8221;solid&#8221;]<\/p>\n<div class=\"page-header\">\n<h2>Dla Armator\u00f3w<\/h2>\n<p>&nbsp;<\/p>\n<p><strong>Propozycja wsp\u00f3lnego zaanga\u017cowania w projektach marynarskich<\/strong><\/p>\n<p>Uprzejmie prosimy o rozwa\u017cenie naszej propozycji wsp\u00f3lnej pracy i zaanga\u017cowania w r\u00f3\u017cnych sferach przemys\u0142u marynarskiego. Jeste\u015bmy zawsze w pogotowiu i pomo\u017cemy w ka\u017cdej chwili i w ka\u017cdym momencie oferuj\u0105c personel wysokiej jako\u015bci oraz prac\u0119 na najwy\u017cszym poziomie.<\/p>\n<\/div>\n<div>\n<p>Posiadamy oficer\u00f3w oraz za\u0142ogi wszystkich szczebli. Posiadamy d\u0142ugoletnie do\u015bwiadczenie w przewozach luzem, Cargo, Kontenerach, Tankowcach, Tankowcach chemicznych itp.<\/p>\n<p><strong>Mo\u017cemy zaoferowa\u0107 Pa\u0144stwu, oraz asystowa\u0107 w r\u00f3\u017cnych projektach marynarskich:<\/strong><\/p>\n<p><strong><em>1. Jeste\u015bmy licencjonowan\u0105 Agencj\u0105 zatrudniaj\u0105c\u0105 za\u0142ogi statku, pocz\u0105wszy od kapitana a sko\u0144czywszy na zwyczajnych marynarzach, zatrudniamy na stanowiska:<\/em><\/strong><\/p>\n<ul>\n<li>Kapitan<\/li>\n<li>Oficerowie pok\u0142adowi<\/li>\n<li>Oficerowie maszynowi<\/li>\n<li>Oficerowie elektrycy (automatyka\/elektronika)<\/li>\n<\/ul>\n<p>Wszystkie rangi maj\u0105 mi\u0119dzynarodowe certyfikaty \u2013 dzi\u0119ki zmianom w konwencji STCW\u201995<\/p>\n<p><strong><em>2. Gdy istnieje potrzeba naprawy, lub gdy wymagana jest pilna konserwacja, mo\u017cemy wys\u0142a\u0107 kilka zespo\u0142\u00f3w najlepszych spawaczy i monter\u00f3w, oraz ka\u017cdego rodzaju mechanika, kt\u00f3rzy nie tylko pracowali w dobrze znanych polskich stoczniach, ale r\u00f3wnie\u017c posiadaj\u0105 mi\u0119dzynarodowo uznane certyfikaty, takie jak Polskiego Rejestru Statk\u00f3w LLOYD\u2019S, DNV i tym podobne.<\/em><\/strong><\/p>\n<p>Wszyscy nasi pracownicy posiadaj\u0105 d\u0142ugoletni\u0105 praktyk\u0119 na pok\u0142adach polskich, niemieckich, norweskich, oraz greckich statk\u00f3w.<\/p>\n<p>W nadziei na wykonanie naszych najlepszych us\u0142ug, czekamy na Pa\u0144stwa odpowied\u017a i pozostajemy do us\u0142ug.<\/p>\n<p style=\"text-align: right;\">Dyrektor Zarz\u0105dzaj\u0105cy<br \/>\n<strong>Arkadiusz William Granek<\/strong><\/p>\n<p>&nbsp;<\/p>\n<\/div>\n<p>[\/et_pb_text][\/et_pb_column][\/et_pb_row][\/et_pb_section]<\/p>\n","protected":false},"excerpt":{"rendered":"<p>Dla Armator\u00f3w &nbsp; Propozycja wsp\u00f3lnego zaanga\u017cowania w projektach marynarskich Uprzejmie prosimy o rozwa\u017cenie naszej propozycji wsp\u00f3lnej pracy i zaanga\u017cowania w r\u00f3\u017cnych sferach przemys\u0142u marynarskiego. Jeste\u015bmy zawsze w pogotowiu i pomo\u017cemy w ka\u017cdej chwili i w ka\u017cdym momencie oferuj\u0105c personel wysokiej jako\u015bci oraz prac\u0119 na najwy\u017cszym poziomie. Posiadamy oficer\u00f3w oraz za\u0142ogi wszystkich szczebli. Posiadamy d\u0142ugoletnie do\u015bwiadczenie [&hellip;]<\/p>\n","protected":false},"author":1,"featured_media":0,"parent":0,"menu_order":0,"comment_status":"closed","ping_status":"closed","template":"","meta":{"_et_pb_use_builder":"on","_et_pb_old_content":"","_et_gb_content_width":"","footnotes":""},"class_list":["post-462","page","type-page","status-publish","hentry"],"aioseo_notices":[],"_links":{"self":[{"href":"https:\/\/euroshipping.pl\/index.php?rest_route=\/wp\/v2\/pages\/462","targetHints":{"allow":["GET"]}}],"collection":[{"href":"https:\/\/euroshipping.pl\/index.php?rest_route=\/wp\/v2\/pages"}],"about":[{"href":"https:\/\/euroshipping.pl\/index.php?rest_route=\/wp\/v2\/types\/page"}],"author":[{"embeddable":true,"href":"https:\/\/euroshipping.pl\/index.php?rest_route=\/wp\/v2\/users\/1"}],"replies":[{"embeddable":true,"href":"https:\/\/euroshipping.pl\/index.php?rest_route=%2Fwp%2Fv2%2Fcomments&post=462"}],"version-history":[{"count":6,"href":"https:\/\/euroshipping.pl\/index.php?rest_route=\/wp\/v2\/pages\/462\/revisions"}],"predecessor-version":[{"id":706,"href":"https:\/\/euroshipping.pl\/index.php?rest_route=\/wp\/v2\/pages\/462\/revisions\/706"}],"wp:attachment":[{"href":"https:\/\/euroshipping.pl\/index.php?rest_route=%2Fwp%2Fv2%2Fmedia&parent=462"}],"curies":[{"name":"wp","href":"https:\/\/api.w.org\/{rel}","templated":true}]}}