{"id":429,"date":"2017-05-31T09:44:39","date_gmt":"2017-05-31T09:44:39","guid":{"rendered":"http:\/\/mintc4ac760.wirt20.bhlink.pl\/?page_id=429"},"modified":"2017-07-06T11:37:55","modified_gmt":"2017-07-06T11:37:55","slug":"mlc","status":"publish","type":"page","link":"https:\/\/euroshipping.pl\/?page_id=429&lang=pl","title":{"rendered":"MLC"},"content":{"rendered":"<p>[et_pb_section admin_label=&#8221;Sekcja&#8221; fullwidth=&#8221;on&#8221; specialty=&#8221;off&#8221;][et_pb_fullwidth_slider admin_label=&#8221;Slider pe\u0142nej szeroko\u015bci&#8221; show_arrows=&#8221;on&#8221; show_pagination=&#8221;on&#8221; auto=&#8221;on&#8221; auto_ignore_hover=&#8221;off&#8221; parallax=&#8221;on&#8221; parallax_method=&#8221;off&#8221; remove_inner_shadow=&#8221;off&#8221; background_position=&#8221;default&#8221; background_size=&#8221;default&#8221; hide_content_on_mobile=&#8221;off&#8221; hide_cta_on_mobile=&#8221;off&#8221; show_image_video_mobile=&#8221;off&#8221; custom_button=&#8221;off&#8221; button_letter_spacing=&#8221;0&#8243; button_use_icon=&#8221;default&#8221; button_icon_placement=&#8221;right&#8221; button_on_hover=&#8221;on&#8221; button_letter_spacing_hover=&#8221;0&#8243; auto_speed=&#8221;4000&#8243; custom_css_main_element=&#8221;height: 50vh;&#8221;] [et_pb_slide background_image=&#8221;\/wp-content\/uploads\/2017\/07\/bg-1-siatka.jpg&#8221; background_position=&#8221;default&#8221; background_size=&#8221;default&#8221; background_color=&#8221;rgba(219,219,219,0.64)&#8221; use_bg_overlay=&#8221;off&#8221; use_text_overlay=&#8221;off&#8221; alignment=&#8221;center&#8221; background_layout=&#8221;dark&#8221; allow_player_pause=&#8221;off&#8221; text_border_radius=&#8221;3&#8243; header_font_select=&#8221;default&#8221; header_font=&#8221;||||&#8221; body_font_select=&#8221;default&#8221; body_font=&#8221;||||&#8221; custom_button=&#8221;off&#8221; button_font_select=&#8221;default&#8221; button_font=&#8221;||||&#8221; button_use_icon=&#8221;default&#8221; button_icon_placement=&#8221;right&#8221; button_on_hover=&#8221;on&#8221; custom_css_main_element=&#8221;height: 90vh;&#8221; text_overlay_color=&#8221;rgba(53,53,53,0.55)&#8221; custom_css_slide_title=&#8221;margin-top: 200px !important;&#8221;] [\/et_pb_slide][et_pb_slide background_image=&#8221;\/wp-content\/uploads\/2017\/07\/bg-3a-siatka.jpg&#8221; background_position=&#8221;default&#8221; background_size=&#8221;default&#8221; background_color=&#8221;#ffffff&#8221; use_bg_overlay=&#8221;off&#8221; use_text_overlay=&#8221;off&#8221; alignment=&#8221;center&#8221; background_layout=&#8221;dark&#8221; allow_player_pause=&#8221;off&#8221; text_border_radius=&#8221;3&#8243; header_font_select=&#8221;default&#8221; header_font=&#8221;||||&#8221; body_font_select=&#8221;default&#8221; body_font=&#8221;||||&#8221; custom_button=&#8221;off&#8221; button_font_select=&#8221;default&#8221; button_font=&#8221;||||&#8221; button_use_icon=&#8221;default&#8221; button_icon_placement=&#8221;right&#8221; button_on_hover=&#8221;on&#8221; custom_css_main_element=&#8221;height: 90vh;&#8221; bg_overlay_color=&#8221;rgba(53,53,53,0.55)&#8221; custom_css_slide_title=&#8221;margin-top: 200px !important;&#8221;] [\/et_pb_slide][et_pb_slide background_image=&#8221;\/wp-content\/uploads\/2017\/07\/bg-4-siatka.jpg&#8221; background_position=&#8221;default&#8221; background_size=&#8221;default&#8221; background_color=&#8221;#ffffff&#8221; use_bg_overlay=&#8221;off&#8221; use_text_overlay=&#8221;off&#8221; alignment=&#8221;center&#8221; background_layout=&#8221;dark&#8221; allow_player_pause=&#8221;off&#8221; text_border_radius=&#8221;3&#8243; header_font_select=&#8221;default&#8221; header_font=&#8221;||||&#8221; body_font_select=&#8221;default&#8221; body_font=&#8221;||||&#8221; custom_button=&#8221;off&#8221; button_font_select=&#8221;default&#8221; button_font=&#8221;||||&#8221; button_use_icon=&#8221;default&#8221; button_icon_placement=&#8221;right&#8221; button_on_hover=&#8221;on&#8221; custom_css_main_element=&#8221;height: 90vh;&#8221; text_overlay_color=&#8221;rgba(53,53,53,0.55)&#8221; custom_css_slide_title=&#8221;margin-top: 200px !important;&#8221;] [\/et_pb_slide] [\/et_pb_fullwidth_slider][\/et_pb_section][et_pb_section admin_label=&#8221;Sekcja&#8221; fullwidth=&#8221;on&#8221; specialty=&#8221;off&#8221;][et_pb_fullwidth_menu admin_label=&#8221;Menu pe\u0142nej szeroko\u015bci&#8221; menu_id=&#8221;17&#8243; background_color=&#8221;#c40000&#8243; background_layout=&#8221;dark&#8221; text_orientation=&#8221;center&#8221; submenu_direction=&#8221;downwards&#8221; fullwidth_menu=&#8221;off&#8221; dropdown_menu_animation=&#8221;fade&#8221; active_link_color=&#8221;#ffffff&#8221; menu_text_color=&#8221;#ffffff&#8221; menu_font=&#8221;|on||on|&#8221; menu_font_size=&#8221;18px&#8221;] [\/et_pb_fullwidth_menu][\/et_pb_section][et_pb_section admin_label=&#8221;section&#8221;][et_pb_row admin_label=&#8221;row&#8221; make_fullwidth=&#8221;off&#8221; use_custom_width=&#8221;off&#8221; width_unit=&#8221;on&#8221; use_custom_gutter=&#8221;off&#8221; allow_player_pause=&#8221;off&#8221; parallax=&#8221;off&#8221; parallax_method=&#8221;off&#8221; make_equal=&#8221;off&#8221; parallax_1=&#8221;off&#8221; parallax_method_1=&#8221;off&#8221; module_id=&#8221;mlc&#8221;][et_pb_column type=&#8221;4_4&#8243;][et_pb_text admin_label=&#8221;Tekst&#8221; background_layout=&#8221;light&#8221; text_orientation=&#8221;left&#8221; use_border_color=&#8221;off&#8221; border_color=&#8221;#ffffff&#8221; border_style=&#8221;solid&#8221;]<\/p>\n<h3><strong>MLC 2006<\/strong><\/h3>\n<div class=\"category-desc clearfix\">\n<div>Konwencja o pracy na morzu (MLC 2006) jest kompleksowym aktem prawnym zawieraj\u0105cym w mo\u017cliwie najszerszym zakresie wszystkie aktualne normy istniej\u0105cych aktualnie konwencji mi\u0119dzynarodowych i zalece\u0144 dotycz\u0105cych pracy na morzu. Konwencja ma na celu zapewnienie zar\u00f3wno godziwych warunk\u00f3w pracy dla marynarzy, jak r\u00f3wnie\u017c uczciwej konkurencji na gruncie ekonomicznym pomi\u0119dzy renomowanymi armatorami.<\/div>\n<div><\/div>\n<div>Euro Shipping Services LTD po\u015bredniczy w wyszukiwaniu pracy dla Marynarzy u armator\u00f3w zagranicznych i dzia\u0142a zgodnie z postanowieniami i regulacjami zawartymi w konwencji MLC 2006 oraz odpowiednimi przepisami obowi\u0105zuj\u0105cymi w Polsce<\/div>\n<\/div>\n<p>[\/et_pb_text][et_pb_toggle admin_label=&#8221;Zak\u0142adka rozwijana&#8221; title=&#8221;Wykaz przepis\u00f3w prawnych dotycz\u0105cych rekrutacji&#8221; open=&#8221;off&#8221; use_border_color=&#8221;off&#8221; border_color=&#8221;#ffffff&#8221; border_style=&#8221;solid&#8221; module_id=&#8221;wykaz&#8221;]<\/p>\n<ol>\n<li>Konwencja MLC<\/li>\n<li>Ustawa z dnia 23 kwietnia. 1964 r. o promocji zatrudnienia i instytucjach rynku pracy.<\/li>\n<li>Ustawa o ochronie danych osobowych.<\/li>\n<li>Rozporz\u0105dzenie w sprawie wyszkolenia i kwalifikacji zawodowych marynarzy.<\/li>\n<\/ol>\n<p>Zgodnie z art. 23 ustawy z dnia 29 sierpnia 1997 r. o ochronie danych osobowych informujemy, i\u017c:<\/p>\n<ol>\n<li>Administratorem Pani\/Pana danych osobowych jest Euro Shipping Services Sp. z o.o. z siedzib\u0105 w 70-656 Szczecin, ul. Energetyk\u00f3w 9 pok. 110, zarejestrowan\u0105 w S\u0105dzie Rejonowym w Szczecinie, Szczecin-Centrum XIII Wydzia\u0142 Gospodarczy Krajowego Rejestru S\u0105dowego Nr. KRS 0000203187 , posiadaj\u0105c\u0105 numer NIP: 955-18-92-921 oraz numer REGON 811669669, reprezentowan\u0105 przez: Prezesa Euro Shipping Services \u2013 Pana Arkadiusza William Granek.<\/li>\n<li>Pani \/ Pana dane osobowe przetwarzane b\u0119d\u0105 do procesu rekrutacji i zawarcia umowy z armatorem.<\/li>\n<li>Pani\/Pana dane osobowe nie b\u0119d\u0105 udost\u0119pniane innym podmiotom bez Pani \/ Pana zgody.<\/li>\n<li>Posiada Pani\/Pan prawo dost\u0119pu do tre\u015bci swoich danych oraz ich poprawiania.<\/li>\n<li>Podanie danych osobowych jest dobrowolne.<\/li>\n<\/ol>\n<p>[\/et_pb_toggle][et_pb_toggle admin_label=&#8221;Zak\u0142adka rozwijana&#8221; title=&#8221;Procedura Rekrutacji i Po\u015brednictwa Pracy Marynarzy&#8221; open=&#8221;off&#8221; use_border_color=&#8221;off&#8221; border_color=&#8221;#ffffff&#8221; border_style=&#8221;solid&#8221; module_id=&#8221;rekrutacja&#8221;]<\/p>\n<ol>\n<li><strong>Cel Procedury:<\/strong> Pozyskiwanie za\u0142\u00f3g przez agencje \u015bwiadcz\u0105c\u0105 us\u0142ugi rekrutacji\u00a0i rekrutacji po\u015brednictwa pracy dla marynarzy na jednostki p\u0142ywaj\u0105ce pod konkretne\u00a0zapotrzebowanie z\u0142o\u017cone przez armatora.<\/li>\n<li><strong>Zakres Procedury:<\/strong> Wy\u017cej oznaczone procedury ma zastosowanie w obszarach\u00a0rekrutacji i zatrudnienia marynarzy.<\/li>\n<li><strong>Dane wej\u015bciowe procesu rekrutacji i po\u015brednictwa:<\/strong> Pisemne pozyskanie zapotrzebowania wystosowanego przez konkretnego armatora w zakresie rekrutacji kandydat\u00f3w (marynarzy) na statki.<\/li>\n<li><strong>Przebieg procedury rekrutacji i po\u015brednictwa pracy dla marynarzy:<\/strong>\n<ul>\n<li>Podj\u0119cie oraz analiza zapotrzebowania przedstawionego przez armatora<\/li>\n<li>Weryfikacja wewn\u0119trznych zasob\u00f3w ludzkich z bazy danych firmy<\/li>\n<li>Opcjonalne zamieszczenie og\u0142oszenia ( bie\u017c\u0105ca rekrutacja kandydat\u00f3w).<\/li>\n<li>Sprawdzenie pe\u0142noletno\u015bci kandydata ( 18+).<\/li>\n<li>Typowanie kandydata\/kandydat\u00f3w na konkretne stanowisko.<\/li>\n<li>Wymagane dokumenty: CV kandydata lub aplikacja.<\/li>\n<li>Rozmowa kwalifikacyjna z uprzednio wytypowanym kandydatem.<\/li>\n<li>Weryfikacja uprawnie\u0144 kandydat\u00f3w.<\/li>\n<li>Sprawdzenie posiadania aktualnych certyfikat\u00f3w\/uprawnie\u0144 wymaganych na konkretne stanowisko.<\/li>\n<li>Weryfikacja dotychczasowego przebiegu pracy.<\/li>\n<li>Propozycja skierowana do armatora z wytypowanym kandydatem.<\/li>\n<li>Akceptacja kandydata przez armatora.<\/li>\n<li>Szczeg\u00f3\u0142owa oferta warunk\u00f3w zatrudnienia uzgodniona z kandydatem<\/li>\n<li>na stanowisko.<\/li>\n<li>Akceptacja warunk\u00f3w przez kandydata.<\/li>\n<li>Zapoznanie si\u0119 z Polityk\u0105 Firmy i ustaw\u0105 o ochronie danych osobowych.<\/li>\n<li>Rozmow\u0119 kwalifikacyjn\u0105 przeprowadza Operator Za\u0142ogowy.<\/li>\n<\/ul>\n<\/li>\n<li><strong>Dane wyj\u015bciowe procesu rekrutacji i po\u015brednictwa:<\/strong>\n<ul>\n<li>Podpisanie i imieniu armatora kontraktu z marynarzem.<\/li>\n<li>Wydanie odzie\u017cy ochronnej ( je\u015bli jest to wym\u00f3g armatora).<\/li>\n<li>Instrukcja dotycz\u0105ca dotarcia oraz pracy na statku (w formie ustnej lub pisemnej).<\/li>\n<li>Wprowadzenie do wewn\u0119trznej bazy danych (nowe zakontraktowanie).<\/li>\n<li>Sta\u0142y kontakt e-mail lub telefoniczny z marynarzem lub rodzin\u0105 marynarza.<\/li>\n<li>Instrukcje powrotu ze statku do miejsca zamieszkania (w formie pisemnej lub ustnej).<\/li>\n<\/ul>\n<\/li>\n<li><strong>Zakres odpowiedzialno\u015bci i uprawnie\u0144<\/strong> w procesie rekrutacji i po\u015brednictwa pracy ponosi w pe\u0142nym wymiarze pracownik po\u015brednika zwany dalej Operatorem Za\u0142ogowym. Do obowi\u0105zk\u00f3w Operatora Za\u0142ogowego nale\u017cy przygotowanie pe\u0142nego procesu rekrutacji oraz zorganizowanie bezpiecznego i skutecznego dotarcia (miejsce pracy) oraz powrotu ze statku do miejsca zamieszkania.<\/li>\n<li><strong>Za\u0142\u0105czniki<\/strong>\n<ul>\n<li>Rejestr marynarza obejmuj\u0105cy dokumenty kwalifikacyjne (wymagane certyfikaty) zwany dalej aplikacj\u0105.<\/li>\n<\/ul>\n<\/li>\n<\/ol>\n<p>[\/et_pb_toggle][et_pb_toggle admin_label=&#8221;Zak\u0142adka rozwijana&#8221; title=&#8221;Procedura post\u0119powania w sprawie skarg&#8221; open=&#8221;off&#8221; use_border_color=&#8221;off&#8221; border_color=&#8221;#ffffff&#8221; border_style=&#8221;solid&#8221; module_id=&#8221;skargi&#8221;]<\/p>\n<p>Przedmiotem skargi mo\u017ce by\u0107 w szczeg\u00f3lno\u015bci zaniedbanie lub nienale\u017cyte wykonywanie zada\u0144 przez Euro Shipping Services Sp. z o.o. albo przez jej pracownik\u00f3w, naruszenie praworz\u0105dno\u015bci lub interes\u00f3w skar\u017c\u0105cych, a tak\u017ce przewlek\u0142e lub biurokratyczne za\u0142atwianie spraw.<\/p>\n<p><strong>Wymagane dokumenty<\/strong><\/p>\n<p><strong>Wystarczaj\u0105cym jest zg\u0142oszenie skargi.\u00a0 Mo\u017ce by\u0107 ona przyj\u0119ta w formie:<\/strong><\/p>\n<ul>\n<li>pisemnej<\/li>\n<li>telefaksowej<\/li>\n<li>za pomoc\u0105 poczty elektronicznej<\/li>\n<li>lub osobi\u015bcie (ustnie do protoko\u0142u)<\/li>\n<\/ul>\n<p>Skarga winna odnosi\u0107 si\u0119 do dzia\u0142alno\u015bci agencyjnej Euro Shipping Services Sp. z o.o. ,\u00a0oraz zawiera\u0107 zwi\u0119z\u0142y opis tych dzia\u0142a\u0144, kt\u00f3re zdaniem marynarza\u00a0mog\u0142y by\u0107 wykonane inaczej lub lepiej.<\/p>\n<p><strong>Miejsce za\u0142atwienia sprawy<\/strong><\/p>\n<p><strong>Miejscem rozpoznania skargi jest biuro Euro Shipping Services Sp. z o.o.<\/strong><br \/>\n<strong> Ul. Energetyk\u00f3w 9 pok. 110<\/strong><br \/>\n<strong> 70-656 Szczecin, Poland<\/strong><br \/>\n<strong> tel: 0048 (91) 462 35 99, fax: 0048 (91) 462 35 65<\/strong><br \/>\n<strong> e-mail: <span id=\"cloak2de1310ae23d4c71c378da7d77ef2bec\"><a href=\"mailto:euroservices@pro.onet.pl\">euroservices@pro.onet.pl<\/a><\/span><\/strong><\/p>\n<p>Zgodnie z ustaw\u0105 z dnia 5 sierpnia 2015 istnieje r\u00f3wnie\u017c mo\u017cliwo\u015b\u0107 zg\u0142oszenia skargi przez system SOLVIT.<br \/>\nPoni\u017cej link do strony Ministerstwa Gospodarki Morskiej i \u017beglugi \u015ar\u00f3dl\u0105dowej:<br \/>\n<a href=\"https:\/\/www.mgm.gov.pl\/166-praca-na-statkach-pod-obca-bandera\">https:\/\/www.mgm.gov.pl\/166-praca-na-statkach-pod-obca-bandera<\/a><\/p>\n<p><strong>Rozpatrywanie skargi<\/strong><\/p>\n<p>Skarg\u0119 rozpatruje Prezes Zarz\u0105du Euro Shipping Services Sp. z o.o. , kt\u00f3ry zapoznaje si\u0119 ze skarg\u0105, sprawdza i por\u00f3wnuje opis z zaistnia\u0142\u0105 sytuacj\u0105. Po analizie otrzymanych informacji ustala spos\u00f3b za\u0142atwienia sprawy. Kopi\u0119 skargi i odpowied\u017a na ni\u0105 nale\u017cy wpi\u0105\u0107 do segregatora \u201e SKARGI\u201d<\/p>\n<p><strong>Op\u0142aty<\/strong><\/p>\n<p>Strona nie ponosi \u017cadnych op\u0142at.<\/p>\n<p><strong>Termin za\u0142atwienia sprawy<\/strong><\/p>\n<p>Zgodnie z art. 237 Kodeksu post\u0119powania administracyjnego (Kpa) \u2013 organ w\u0142a\u015bciwy do rozpatrywania skargi powinien za\u0142atwi\u0107 skarg\u0119 bez zb\u0119dnej zw\u0142oki nie p\u00f3\u017aniej jednak ni\u017c w ci\u0105gu 30 dni.<\/p>\n<p>[\/et_pb_toggle][\/et_pb_column][\/et_pb_row][\/et_pb_section]<\/p>\n","protected":false},"excerpt":{"rendered":"<p>MLC 2006 Konwencja o pracy na morzu (MLC 2006) jest kompleksowym aktem prawnym zawieraj\u0105cym w mo\u017cliwie najszerszym zakresie wszystkie aktualne normy istniej\u0105cych aktualnie konwencji mi\u0119dzynarodowych i zalece\u0144 dotycz\u0105cych pracy na morzu. Konwencja ma na celu zapewnienie zar\u00f3wno godziwych warunk\u00f3w pracy dla marynarzy, jak r\u00f3wnie\u017c uczciwej konkurencji na gruncie ekonomicznym pomi\u0119dzy renomowanymi armatorami. Euro Shipping Services [&hellip;]<\/p>\n","protected":false},"author":1,"featured_media":0,"parent":0,"menu_order":0,"comment_status":"closed","ping_status":"closed","template":"","meta":{"_et_pb_use_builder":"on","_et_pb_old_content":"","_et_gb_content_width":"","footnotes":""},"class_list":["post-429","page","type-page","status-publish","hentry"],"aioseo_notices":[],"_links":{"self":[{"href":"https:\/\/euroshipping.pl\/index.php?rest_route=\/wp\/v2\/pages\/429","targetHints":{"allow":["GET"]}}],"collection":[{"href":"https:\/\/euroshipping.pl\/index.php?rest_route=\/wp\/v2\/pages"}],"about":[{"href":"https:\/\/euroshipping.pl\/index.php?rest_route=\/wp\/v2\/types\/page"}],"author":[{"embeddable":true,"href":"https:\/\/euroshipping.pl\/index.php?rest_route=\/wp\/v2\/users\/1"}],"replies":[{"embeddable":true,"href":"https:\/\/euroshipping.pl\/index.php?rest_route=%2Fwp%2Fv2%2Fcomments&post=429"}],"version-history":[{"count":9,"href":"https:\/\/euroshipping.pl\/index.php?rest_route=\/wp\/v2\/pages\/429\/revisions"}],"predecessor-version":[{"id":711,"href":"https:\/\/euroshipping.pl\/index.php?rest_route=\/wp\/v2\/pages\/429\/revisions\/711"}],"wp:attachment":[{"href":"https:\/\/euroshipping.pl\/index.php?rest_route=%2Fwp%2Fv2%2Fmedia&parent=429"}],"curies":[{"name":"wp","href":"https:\/\/api.w.org\/{rel}","templated":true}]}}