{"id":381,"date":"2017-05-31T07:31:46","date_gmt":"2017-05-31T07:31:46","guid":{"rendered":"http:\/\/mintc4ac760.wirt20.bhlink.pl\/?page_id=381"},"modified":"2017-07-06T12:51:11","modified_gmt":"2017-07-06T12:51:11","slug":"o-firmie","status":"publish","type":"page","link":"https:\/\/euroshipping.pl\/?page_id=381&lang=pl","title":{"rendered":"O firmie"},"content":{"rendered":"<p>[et_pb_section admin_label=&#8221;Sekcja&#8221; fullwidth=&#8221;on&#8221; specialty=&#8221;off&#8221;][et_pb_fullwidth_slider admin_label=&#8221;Slider pe\u0142nej szeroko\u015bci&#8221; show_arrows=&#8221;on&#8221; show_pagination=&#8221;on&#8221; auto=&#8221;on&#8221; auto_ignore_hover=&#8221;off&#8221; parallax=&#8221;on&#8221; parallax_method=&#8221;off&#8221; remove_inner_shadow=&#8221;off&#8221; background_position=&#8221;default&#8221; background_size=&#8221;default&#8221; hide_content_on_mobile=&#8221;off&#8221; hide_cta_on_mobile=&#8221;off&#8221; show_image_video_mobile=&#8221;off&#8221; custom_button=&#8221;off&#8221; button_letter_spacing=&#8221;0&#8243; button_use_icon=&#8221;default&#8221; button_icon_placement=&#8221;right&#8221; button_on_hover=&#8221;on&#8221; button_letter_spacing_hover=&#8221;0&#8243; auto_speed=&#8221;4000&#8243; custom_css_main_element=&#8221;height: 50vh;&#8221;]<\/p>\n<p>[et_pb_slide background_image=&#8221;\/wp-content\/uploads\/2017\/07\/bg-1-siatka.jpg&#8221; background_position=&#8221;default&#8221; background_size=&#8221;default&#8221; background_color=&#8221;rgba(219,219,219,0.64)&#8221; use_bg_overlay=&#8221;off&#8221; use_text_overlay=&#8221;off&#8221; alignment=&#8221;center&#8221; background_layout=&#8221;dark&#8221; allow_player_pause=&#8221;off&#8221; text_border_radius=&#8221;3&#8243; header_font_select=&#8221;default&#8221; header_font=&#8221;||||&#8221; body_font_select=&#8221;default&#8221; body_font=&#8221;||||&#8221; custom_button=&#8221;off&#8221; button_font_select=&#8221;default&#8221; button_font=&#8221;||||&#8221; button_use_icon=&#8221;default&#8221; button_icon_placement=&#8221;right&#8221; button_on_hover=&#8221;on&#8221; custom_css_main_element=&#8221;height: 90vh;&#8221; text_overlay_color=&#8221;rgba(53,53,53,0.55)&#8221; custom_css_slide_title=&#8221;margin-top: 200px !important;&#8221;] [\/et_pb_slide][et_pb_slide background_image=&#8221;\/wp-content\/uploads\/2017\/07\/bg-3a-siatka.jpg&#8221; background_position=&#8221;default&#8221; background_size=&#8221;default&#8221; background_color=&#8221;#ffffff&#8221; use_bg_overlay=&#8221;off&#8221; use_text_overlay=&#8221;off&#8221; alignment=&#8221;center&#8221; background_layout=&#8221;dark&#8221; allow_player_pause=&#8221;off&#8221; text_border_radius=&#8221;3&#8243; header_font_select=&#8221;default&#8221; header_font=&#8221;||||&#8221; body_font_select=&#8221;default&#8221; body_font=&#8221;||||&#8221; custom_button=&#8221;off&#8221; button_font_select=&#8221;default&#8221; button_font=&#8221;||||&#8221; button_use_icon=&#8221;default&#8221; button_icon_placement=&#8221;right&#8221; button_on_hover=&#8221;on&#8221; custom_css_main_element=&#8221;height: 90vh;&#8221; bg_overlay_color=&#8221;rgba(53,53,53,0.55)&#8221; custom_css_slide_title=&#8221;margin-top: 200px !important;&#8221;] [\/et_pb_slide][et_pb_slide background_image=&#8221;\/wp-content\/uploads\/2017\/07\/bg-4-siatka.jpg&#8221; background_position=&#8221;default&#8221; background_size=&#8221;default&#8221; background_color=&#8221;#ffffff&#8221; use_bg_overlay=&#8221;off&#8221; use_text_overlay=&#8221;off&#8221; alignment=&#8221;center&#8221; background_layout=&#8221;dark&#8221; allow_player_pause=&#8221;off&#8221; text_border_radius=&#8221;3&#8243; header_font_select=&#8221;default&#8221; header_font=&#8221;||||&#8221; body_font_select=&#8221;default&#8221; body_font=&#8221;||||&#8221; custom_button=&#8221;off&#8221; button_font_select=&#8221;default&#8221; button_font=&#8221;||||&#8221; button_use_icon=&#8221;default&#8221; button_icon_placement=&#8221;right&#8221; button_on_hover=&#8221;on&#8221; custom_css_main_element=&#8221;height: 90vh;&#8221; text_overlay_color=&#8221;rgba(53,53,53,0.55)&#8221; custom_css_slide_title=&#8221;margin-top: 200px !important;&#8221;] [\/et_pb_slide]<\/p>\n<p>[\/et_pb_fullwidth_slider][\/et_pb_section][et_pb_section admin_label=&#8221;Sekcja&#8221; fullwidth=&#8221;on&#8221; specialty=&#8221;off&#8221;][et_pb_fullwidth_menu admin_label=&#8221;Menu pe\u0142nej szeroko\u015bci&#8221; menu_id=&#8221;17&#8243; background_color=&#8221;#c40000&#8243; background_layout=&#8221;dark&#8221; text_orientation=&#8221;center&#8221; submenu_direction=&#8221;downwards&#8221; fullwidth_menu=&#8221;off&#8221; dropdown_menu_animation=&#8221;fade&#8221; active_link_color=&#8221;#ffffff&#8221; menu_text_color=&#8221;#ffffff&#8221; menu_font=&#8221;|on||on|&#8221; menu_font_size=&#8221;18px&#8221;]<\/p>\n<p>[\/et_pb_fullwidth_menu][\/et_pb_section][et_pb_section admin_label=&#8221;section&#8221;][et_pb_row admin_label=&#8221;row&#8221;][et_pb_column type=&#8221;1_4&#8243;][et_pb_text admin_label=&#8221;Tekst&#8221; background_layout=&#8221;light&#8221; text_orientation=&#8221;left&#8221; use_border_color=&#8221;off&#8221; border_color=&#8221;#ffffff&#8221; border_style=&#8221;solid&#8221;]<\/p>\n<p><strong>Menu<\/strong><\/p>\n<ul>\n<li><span style=\"color: #c40000;\"><a href=\"\/?page_id=119&amp;lang=pl\"><strong>Polityka firmy<\/strong><\/a><\/span><\/li>\n<li><span style=\"color: #c40000;\"><a href=\"\/?page_id=441&amp;lang=pl#wykaz\"><strong>Przepisy pracy dotycz\u0105ce rekrutacji<\/strong><\/a><\/span><\/li>\n<li><span style=\"color: #c40000;\"><a href=\"\/?page_id=448&amp;lang=pl#rekrutacja\"><strong>Rekrutacja i po\u015brednictwo pracy<\/strong><\/a><\/span><\/li>\n<li><span style=\"color: #c40000;\"><a href=\"\/?page_id=452&amp;lang=pl#skargi\"><strong>Post\u0119powanie w sprawie skarg<\/strong><\/a><\/span><\/li>\n<li><span style=\"color: #c40000;\"><a href=\"\/?page_id=457&amp;lang=pl#procskarg\"><strong>Procedury sk\u0142adania skarg<\/strong><\/span><\/a><\/li>\n<li><span style=\"color: #c40000;\"><a href=\"\/?page_id=391&amp;lang=pl\"><strong>Zapoznaj si\u0119 z nasz\u0105 flot\u0105<\/strong><\/a><\/span><\/li>\n<li><span style=\"color: #c40000;\"><a href=\"\/?page_id=174&amp;lang=pl#procskarg\"><strong>Aktualno\u015bci<\/strong><\/a><\/span><\/li>\n<li><span style=\"color: #c40000;\"><a href=\"\/?page_id=465&amp;lang=pl\"><strong>Skontaktuj si\u0119 z nami<\/strong><\/a><\/span><\/li>\n<\/ul>\n<p>[\/et_pb_text][et_pb_text admin_label=&#8221;Tekst&#8221; background_layout=&#8221;light&#8221; text_orientation=&#8221;left&#8221; use_border_color=&#8221;off&#8221; border_color=&#8221;#ffffff&#8221; border_style=&#8221;solid&#8221;]<\/p>\n<h3>Oferty pracy<\/h3>\n<p>[\/et_pb_text][et_pb_image admin_label=&#8221;Obraz&#8221; src=&#8221;\/wp-content\/uploads\/2017\/04\/box-1.jpg&#8221; title_text=&#8221;Oferty pracy&#8221; show_in_lightbox=&#8221;off&#8221; url_new_window=&#8221;off&#8221; use_overlay=&#8221;on&#8221; hover_overlay_color=&#8221;rgba(59,158,204,0.56)&#8221; animation=&#8221;left&#8221; sticky=&#8221;off&#8221; align=&#8221;left&#8221; force_fullwidth=&#8221;off&#8221; always_center_on_mobile=&#8221;on&#8221; use_border_color=&#8221;off&#8221; border_color=&#8221;#ffffff&#8221; border_style=&#8221;solid&#8221; alt=&#8221;Oferty pracy&#8221; url=&#8221;\/?page_id=422&amp;lang=pl&#8221;]<\/p>\n<p>[\/et_pb_image][et_pb_text admin_label=&#8221;Tekst&#8221; background_layout=&#8221;light&#8221; text_orientation=&#8221;left&#8221; use_border_color=&#8221;off&#8221; border_color=&#8221;#ffffff&#8221; border_style=&#8221;solid&#8221;]<\/p>\n<h3>Aplikacja<\/h3>\n<p>[\/et_pb_text][et_pb_image admin_label=&#8221;Obraz&#8221; src=&#8221;\/wp-content\/uploads\/2017\/04\/box-3.jpg&#8221; title_text=&#8221;Aplikacja&#8221; show_in_lightbox=&#8221;off&#8221; url_new_window=&#8221;off&#8221; use_overlay=&#8221;on&#8221; hover_overlay_color=&#8221;rgba(201,52,52,0.56)&#8221; animation=&#8221;left&#8221; sticky=&#8221;off&#8221; align=&#8221;left&#8221; force_fullwidth=&#8221;off&#8221; always_center_on_mobile=&#8221;on&#8221; use_border_color=&#8221;off&#8221; border_color=&#8221;#ffffff&#8221; border_style=&#8221;solid&#8221; alt=&#8221;Aplikacja&#8221; url=&#8221;\/?page_id=468&amp;lang=pl&#8221;]<\/p>\n<p>[\/et_pb_image][et_pb_text admin_label=&#8221;Tekst&#8221; background_layout=&#8221;light&#8221; text_orientation=&#8221;left&#8221; use_border_color=&#8221;off&#8221; border_color=&#8221;#ffffff&#8221; border_style=&#8221;solid&#8221;]<\/p>\n<h3>Certyfikaty<\/h3>\n<p>[\/et_pb_text][et_pb_image admin_label=&#8221;Obraz&#8221; src=&#8221;\/wp-content\/uploads\/2017\/04\/box-2.jpg&#8221; title_text=&#8221;Certyfikaty&#8221; show_in_lightbox=&#8221;off&#8221; url_new_window=&#8221;off&#8221; use_overlay=&#8221;on&#8221; hover_overlay_color=&#8221;rgba(59,158,204,0.56)&#8221; animation=&#8221;left&#8221; sticky=&#8221;off&#8221; align=&#8221;left&#8221; force_fullwidth=&#8221;off&#8221; always_center_on_mobile=&#8221;on&#8221; use_border_color=&#8221;off&#8221; border_color=&#8221;#ffffff&#8221; border_style=&#8221;solid&#8221; alt=&#8221;Certyfikaty&#8221; url=&#8221;\/?page_id=44&amp;lang=pl&#8221;]<\/p>\n<p>[\/et_pb_image][\/et_pb_column][et_pb_column type=&#8221;3_4&#8243;][et_pb_text admin_label=&#8221;Tekst&#8221; background_layout=&#8221;light&#8221; text_orientation=&#8221;left&#8221; use_border_color=&#8221;off&#8221; border_color=&#8221;#ffffff&#8221; border_style=&#8221;solid&#8221;]<\/p>\n<h3>O firmie<\/h3>\n<p>Od pi\u0119tnastu lat zapewniamy atrakcyjne kontrakty dla marynarzy \u2013 oficer\u00f3w i za\u0142\u00f3g\u00a0szeregowych u renomowanych armator\u00f3w na ca\u0142ym \u015bwiecie.<\/p>\n<p><img decoding=\"async\" class=\"cke-resize cke-resize alignright\" src=\"http:\/\/www.euroshipping.pl\/images\/o-firmie.jpg\" alt=\"O Firmie\" \/><\/p>\n<p>Armatorom oferujemy wyspecjalizowan\u0105 za\u0142og\u0119, kt\u00f3ra zapewni bezpieczne i efektywne\u00a0zarz\u0105dzanie statkiem, dostosowan\u0105 do zapotrzebowania danego armatora.\u00a0Mo\u017cemy zapewni\u0107 do\u015bwiadczon\u0105, odpowiednio przeszkolon\u0105 za\u0142og\u0119 z odpowiednimi\u00a0certyfikatami zgodnymi z normami STCW i MLC 2006.<\/p>\n<p>Firma Euro Shipping Services Ltd. powsta\u0142a 03 wrze\u015bnia 1998 roku. I od samego pocz\u0105tku\u00a0oferujemy wysoki poziom naszych us\u0142ug w oferowaniu kontrakt\u00f3w marynarzom jak i\u00a0dostarczaniu odpowiednich pracownik\u00f3w armatorom.\u00a0Zawsze dbamy o to, \u017ceby wszystkie oferty zatrudnienia, by\u0142y zgodne z mi\u0119dzynarodowymi\u00a0standardami. Przestrzeganie polityki MLC 2006 umo\u017cliwia zaoferowanie naszym klientom\u00a0wysokiego poziomu us\u0142ug, kt\u00f3ry po\u0142\u0105czony z zadowoleniem naszych marynarzy minimalizuje\u00a0odsetek reklamacji oraz niezadowolenia z naszych us\u0142ug.<\/p>\n<p><strong>CECHUJE NAS:<\/strong><\/p>\n<ul>\n<li>Solidno\u015b\u0107<\/li>\n<li>Profesjonalizm<\/li>\n<li>Zarz\u0105dzanie na najwy\u017cszym poziomie<\/li>\n<\/ul>\n<p>Po\u015bredniczymy w wyszukiwaniu pracy dla Marynarzy u armator\u00f3w na ca\u0142ym \u015bwiecie,\u00a0dzia\u0142aj\u0105c zgodnie z postanowieniami i regulacjami zawartymi w konwencji MLC 2006 jak i\u00a0odpowiednimi przepisami obowi\u0105zuj\u0105cymi w Polsce.<\/p>\n<p><strong>Z NAMI KORZYSTNIEJ:<\/strong><\/p>\n<ul>\n<li>Oferujemy najlepsz\u0105, \u015bwietnie wykwalifikowan\u0105 za\u0142og\u0119,<\/li>\n<li>Wprowadzamy innowacje do systemu zarz\u0105dzania statkami naszych klient\u00f3w,<\/li>\n<li>Mo\u017cemy zaoferowa\u0107 marynarzom znaczn\u0105 liczb\u0119 korzystnych ofert pracy,<\/li>\n<li>Dzi\u0119ki ci\u0105g\u0142emu rozwojowi zdobywamy coraz wi\u0119cej armator\u00f3w oraz statk\u00f3w dla naszych marynarzy.<\/li>\n<\/ul>\n<p><strong>NASZA MISJA<\/strong><\/p>\n<ul>\n<li>Nieustannie podnosi\u0107 jako\u015b\u0107 swoich us\u0142ug,<\/li>\n<li>Oferowa\u0107 najlepsze oferty pracy jak i najlepszych armator\u00f3w,<\/li>\n<li>Wprowadza\u0107 innowacje, oraz bezpiecznie i efektywnie zarz\u0105dza\u0107 statkami naszych klient\u00f3w.<\/li>\n<\/ul>\n<p>[\/et_pb_text][\/et_pb_column][\/et_pb_row][\/et_pb_section][et_pb_section admin_label=&#8221;section&#8221; transparent_background=&#8221;off&#8221; allow_player_pause=&#8221;off&#8221; inner_shadow=&#8221;off&#8221; parallax=&#8221;off&#8221; parallax_method=&#8221;off&#8221; make_fullwidth=&#8221;off&#8221; use_custom_width=&#8221;off&#8221; width_unit=&#8221;on&#8221; make_equal=&#8221;off&#8221; use_custom_gutter=&#8221;off&#8221; disabled_on=&#8221;on|on|on&#8221; disabled=&#8221;on&#8221;][et_pb_row admin_label=&#8221;row&#8221; make_fullwidth=&#8221;off&#8221; use_custom_width=&#8221;off&#8221; width_unit=&#8221;on&#8221; use_custom_gutter=&#8221;off&#8221; allow_player_pause=&#8221;off&#8221; parallax=&#8221;off&#8221; parallax_method=&#8221;off&#8221; make_equal=&#8221;off&#8221; parallax_1=&#8221;off&#8221; parallax_method_1=&#8221;off&#8221; parallax_2=&#8221;off&#8221; parallax_method_2=&#8221;off&#8221; module_id=&#8221;ofirmie&#8221;][et_pb_column type=&#8221;1_4&#8243;][\/et_pb_column][et_pb_column type=&#8221;3_4&#8243;][et_pb_text admin_label=&#8221;O firmie&#8221; background_layout=&#8221;light&#8221; text_orientation=&#8221;left&#8221; use_border_color=&#8221;off&#8221; border_color=&#8221;#ffffff&#8221; border_style=&#8221;solid&#8221;]<\/p>\n<h2>O Firmie<\/h2>\n<p>Od pi\u0119tnastu lat zapewniamy atrakcyjne kontrakty dla marynarzy \u2013 oficer\u00f3w i za\u0142\u00f3g\u00a0szeregowych u renomowanych armator\u00f3w na ca\u0142ym \u015bwiecie.<\/p>\n<p><img decoding=\"async\" class=\"cke-resize cke-resize alignright\" src=\"http:\/\/www.euroshipping.pl\/images\/o-firmie.jpg\" alt=\"O Firmie\" \/><\/p>\n<p>Armatorom oferujemy wyspecjalizowan\u0105 za\u0142og\u0119, kt\u00f3ra zapewni bezpieczne i efektywne\u00a0zarz\u0105dzanie statkiem, dostosowan\u0105 do zapotrzebowania danego armatora.\u00a0Mo\u017cemy zapewni\u0107 do\u015bwiadczon\u0105, odpowiednio przeszkolon\u0105 za\u0142og\u0119 z odpowiednimi\u00a0certyfikatami zgodnymi z normami STCW i MLC 2006.<\/p>\n<p>Firma Euro Shipping Services Ltd. powsta\u0142a 03 wrze\u015bnia 1998 roku. I od samego pocz\u0105tku\u00a0oferujemy wysoki poziom naszych us\u0142ug w oferowaniu kontrakt\u00f3w marynarzom jak i\u00a0dostarczaniu odpowiednich pracownik\u00f3w armatorom.\u00a0Zawsze dbamy o to, \u017ceby wszystkie oferty zatrudnienia, by\u0142y zgodne z mi\u0119dzynarodowymi\u00a0standardami. Przestrzeganie polityki MLC 2006 umo\u017cliwia zaoferowanie naszym klientom\u00a0wysokiego poziomu us\u0142ug, kt\u00f3ry po\u0142\u0105czony z zadowoleniem naszych marynarzy minimalizuje\u00a0odsetek reklamacji oraz niezadowolenia z naszych us\u0142ug.<\/p>\n<p><strong>CECHUJE NAS:<\/strong><\/p>\n<ul>\n<li>Solidno\u015b\u0107<\/li>\n<li>Profesjonalizm<\/li>\n<li>Zarz\u0105dzanie na najwy\u017cszym poziomie<\/li>\n<\/ul>\n<p>Po\u015bredniczymy w wyszukiwaniu pracy dla Marynarzy u armator\u00f3w na ca\u0142ym \u015bwiecie,\u00a0dzia\u0142aj\u0105c zgodnie z postanowieniami i regulacjami zawartymi w konwencji MLC 2006 jak i\u00a0odpowiednimi przepisami obowi\u0105zuj\u0105cymi w Polsce.<\/p>\n<p><strong>Z NAMI KORZYSTNIEJ:<\/strong><\/p>\n<ul>\n<li>Oferujemy najlepsz\u0105, \u015bwietnie wykwalifikowan\u0105 za\u0142og\u0119,<\/li>\n<li>Wprowadzamy innowacje do systemu zarz\u0105dzania statkami naszych klient\u00f3w,<\/li>\n<li>Mo\u017cemy zaoferowa\u0107 marynarzom znaczn\u0105 liczb\u0119 korzystnych ofert pracy,<\/li>\n<li>Dzi\u0119ki ci\u0105g\u0142emu rozwojowi zdobywamy coraz wi\u0119cej armator\u00f3w oraz statk\u00f3w dla naszych marynarzy.<\/li>\n<\/ul>\n<p><strong>NASZA MISJA<\/strong><\/p>\n<ul>\n<li>Nieustannie podnosi\u0107 jako\u015b\u0107 swoich us\u0142ug,<\/li>\n<li>Oferowa\u0107 najlepsze oferty pracy jak i najlepszych armator\u00f3w,<\/li>\n<li>Wprowadza\u0107 innowacje, oraz bezpiecznie i efektywnie zarz\u0105dza\u0107 statkami naszych klient\u00f3w.<\/li>\n<\/ul>\n<p>[\/et_pb_text][\/et_pb_column][\/et_pb_row][\/et_pb_section]<\/p>\n","protected":false},"excerpt":{"rendered":"<p>Menu Polityka firmy Przepisy pracy dotycz\u0105ce rekrutacji Rekrutacja i po\u015brednictwo pracy Post\u0119powanie w sprawie skarg Procedury sk\u0142adania skarg Zapoznaj si\u0119 z nasz\u0105 flot\u0105 Aktualno\u015bci Skontaktuj si\u0119 z nami Oferty pracy Aplikacja Certyfikaty O firmie Od pi\u0119tnastu lat zapewniamy atrakcyjne kontrakty dla marynarzy \u2013 oficer\u00f3w i za\u0142\u00f3g\u00a0szeregowych u renomowanych armator\u00f3w na ca\u0142ym \u015bwiecie. Armatorom oferujemy wyspecjalizowan\u0105 [&hellip;]<\/p>\n","protected":false},"author":1,"featured_media":0,"parent":0,"menu_order":0,"comment_status":"closed","ping_status":"closed","template":"","meta":{"_et_pb_use_builder":"on","_et_pb_old_content":"","_et_gb_content_width":"","footnotes":""},"class_list":["post-381","page","type-page","status-publish","hentry"],"aioseo_notices":[],"_links":{"self":[{"href":"https:\/\/euroshipping.pl\/index.php?rest_route=\/wp\/v2\/pages\/381","targetHints":{"allow":["GET"]}}],"collection":[{"href":"https:\/\/euroshipping.pl\/index.php?rest_route=\/wp\/v2\/pages"}],"about":[{"href":"https:\/\/euroshipping.pl\/index.php?rest_route=\/wp\/v2\/types\/page"}],"author":[{"embeddable":true,"href":"https:\/\/euroshipping.pl\/index.php?rest_route=\/wp\/v2\/users\/1"}],"replies":[{"embeddable":true,"href":"https:\/\/euroshipping.pl\/index.php?rest_route=%2Fwp%2Fv2%2Fcomments&post=381"}],"version-history":[{"count":25,"href":"https:\/\/euroshipping.pl\/index.php?rest_route=\/wp\/v2\/pages\/381\/revisions"}],"predecessor-version":[{"id":773,"href":"https:\/\/euroshipping.pl\/index.php?rest_route=\/wp\/v2\/pages\/381\/revisions\/773"}],"wp:attachment":[{"href":"https:\/\/euroshipping.pl\/index.php?rest_route=%2Fwp%2Fv2%2Fmedia&parent=381"}],"curies":[{"name":"wp","href":"https:\/\/api.w.org\/{rel}","templated":true}]}}