{"id":119,"date":"2017-04-20T10:16:04","date_gmt":"2017-04-20T10:16:04","guid":{"rendered":"http:\/\/mintc4ac760.wirt20.bhlink.pl\/euroshipping\/?page_id=119"},"modified":"2017-07-06T11:38:58","modified_gmt":"2017-07-06T11:38:58","slug":"polityka-firmy","status":"publish","type":"page","link":"https:\/\/euroshipping.pl\/?page_id=119&lang=pl","title":{"rendered":"Polityka firmy"},"content":{"rendered":"<p>[et_pb_section admin_label=&#8221;Sekcja&#8221; fullwidth=&#8221;on&#8221; specialty=&#8221;off&#8221;][et_pb_fullwidth_slider admin_label=&#8221;Slider pe\u0142nej szeroko\u015bci&#8221; show_arrows=&#8221;on&#8221; show_pagination=&#8221;on&#8221; auto=&#8221;on&#8221; auto_ignore_hover=&#8221;off&#8221; parallax=&#8221;on&#8221; parallax_method=&#8221;off&#8221; remove_inner_shadow=&#8221;off&#8221; background_position=&#8221;default&#8221; background_size=&#8221;default&#8221; hide_content_on_mobile=&#8221;off&#8221; hide_cta_on_mobile=&#8221;off&#8221; show_image_video_mobile=&#8221;off&#8221; custom_button=&#8221;off&#8221; button_letter_spacing=&#8221;0&#8243; button_use_icon=&#8221;default&#8221; button_icon_placement=&#8221;right&#8221; button_on_hover=&#8221;on&#8221; button_letter_spacing_hover=&#8221;0&#8243; auto_speed=&#8221;4000&#8243; custom_css_main_element=&#8221;height: 50vh;&#8221;] [et_pb_slide background_image=&#8221;\/wp-content\/uploads\/2017\/07\/bg-1-siatka.jpg&#8221; background_position=&#8221;default&#8221; background_size=&#8221;default&#8221; background_color=&#8221;rgba(219,219,219,0.64)&#8221; use_bg_overlay=&#8221;off&#8221; use_text_overlay=&#8221;off&#8221; alignment=&#8221;center&#8221; background_layout=&#8221;dark&#8221; allow_player_pause=&#8221;off&#8221; text_border_radius=&#8221;3&#8243; header_font_select=&#8221;default&#8221; header_font=&#8221;||||&#8221; body_font_select=&#8221;default&#8221; body_font=&#8221;||||&#8221; custom_button=&#8221;off&#8221; button_font_select=&#8221;default&#8221; button_font=&#8221;||||&#8221; button_use_icon=&#8221;default&#8221; button_icon_placement=&#8221;right&#8221; button_on_hover=&#8221;on&#8221; custom_css_main_element=&#8221;height: 90vh;&#8221; text_overlay_color=&#8221;rgba(53,53,53,0.55)&#8221; custom_css_slide_title=&#8221;margin-top: 200px !important;&#8221;] [\/et_pb_slide][et_pb_slide background_image=&#8221;\/wp-content\/uploads\/2017\/07\/bg-3a-siatka.jpg&#8221; background_position=&#8221;default&#8221; background_size=&#8221;default&#8221; background_color=&#8221;#ffffff&#8221; use_bg_overlay=&#8221;off&#8221; use_text_overlay=&#8221;off&#8221; alignment=&#8221;center&#8221; background_layout=&#8221;dark&#8221; allow_player_pause=&#8221;off&#8221; text_border_radius=&#8221;3&#8243; header_font_select=&#8221;default&#8221; header_font=&#8221;||||&#8221; body_font_select=&#8221;default&#8221; body_font=&#8221;||||&#8221; custom_button=&#8221;off&#8221; button_font_select=&#8221;default&#8221; button_font=&#8221;||||&#8221; button_use_icon=&#8221;default&#8221; button_icon_placement=&#8221;right&#8221; button_on_hover=&#8221;on&#8221; custom_css_main_element=&#8221;height: 90vh;&#8221; bg_overlay_color=&#8221;rgba(53,53,53,0.55)&#8221; custom_css_slide_title=&#8221;margin-top: 200px !important;&#8221;] [\/et_pb_slide][et_pb_slide background_image=&#8221;\/wp-content\/uploads\/2017\/07\/bg-4-siatka.jpg&#8221; background_position=&#8221;default&#8221; background_size=&#8221;default&#8221; background_color=&#8221;#ffffff&#8221; use_bg_overlay=&#8221;off&#8221; use_text_overlay=&#8221;off&#8221; alignment=&#8221;center&#8221; background_layout=&#8221;dark&#8221; allow_player_pause=&#8221;off&#8221; text_border_radius=&#8221;3&#8243; header_font_select=&#8221;default&#8221; header_font=&#8221;||||&#8221; body_font_select=&#8221;default&#8221; body_font=&#8221;||||&#8221; custom_button=&#8221;off&#8221; button_font_select=&#8221;default&#8221; button_font=&#8221;||||&#8221; button_use_icon=&#8221;default&#8221; button_icon_placement=&#8221;right&#8221; button_on_hover=&#8221;on&#8221; custom_css_main_element=&#8221;height: 90vh;&#8221; text_overlay_color=&#8221;rgba(53,53,53,0.55)&#8221; custom_css_slide_title=&#8221;margin-top: 200px !important;&#8221;] [\/et_pb_slide] [\/et_pb_fullwidth_slider][\/et_pb_section][et_pb_section admin_label=&#8221;Sekcja&#8221; fullwidth=&#8221;on&#8221; specialty=&#8221;off&#8221;][et_pb_fullwidth_menu admin_label=&#8221;Menu pe\u0142nej szeroko\u015bci&#8221; menu_id=&#8221;17&#8243; background_color=&#8221;#c40000&#8243; background_layout=&#8221;dark&#8221; text_orientation=&#8221;center&#8221; submenu_direction=&#8221;downwards&#8221; fullwidth_menu=&#8221;off&#8221; dropdown_menu_animation=&#8221;fade&#8221; active_link_color=&#8221;#ffffff&#8221; menu_text_color=&#8221;#ffffff&#8221; menu_font=&#8221;|on||on|&#8221; menu_font_size=&#8221;18px&#8221;] [\/et_pb_fullwidth_menu][\/et_pb_section][et_pb_section admin_label=&#8221;section&#8221; transparent_background=&#8221;off&#8221; allow_player_pause=&#8221;off&#8221; inner_shadow=&#8221;off&#8221; parallax=&#8221;off&#8221; parallax_method=&#8221;off&#8221; make_fullwidth=&#8221;off&#8221; use_custom_width=&#8221;off&#8221; width_unit=&#8221;on&#8221; make_equal=&#8221;off&#8221; use_custom_gutter=&#8221;off&#8221; module_id=&#8221;ofirmie&#8221; background_image=&#8221;http:\/\/mintc4ac760.wirt20.bhlink.pl\/euroshipping\/wp-content\/uploads\/2017\/04\/tlo_1920.jpg&#8221;][et_pb_row admin_label=&#8221;row&#8221; make_fullwidth=&#8221;off&#8221; use_custom_width=&#8221;on&#8221; width_unit=&#8221;on&#8221; use_custom_gutter=&#8221;off&#8221; background_color=&#8221;#ffffff&#8221; allow_player_pause=&#8221;off&#8221; parallax=&#8221;off&#8221; parallax_method=&#8221;off&#8221; make_equal=&#8221;off&#8221; parallax_1=&#8221;off&#8221; parallax_method_1=&#8221;off&#8221; parallax_2=&#8221;off&#8221; parallax_method_2=&#8221;off&#8221; custom_width_px=&#8221;1326px&#8221;][et_pb_column type=&#8221;4_4&#8243;][et_pb_text admin_label=&#8221;PolitykaFirmy&#8221; background_layout=&#8221;light&#8221; text_orientation=&#8221;left&#8221; use_border_color=&#8221;off&#8221; border_color=&#8221;#ffffff&#8221; border_style=&#8221;solid&#8221; background_color=&#8221;#ffffff&#8221; custom_margin=&#8221;10px|20px|10px|20px&#8221;]<\/p>\n<h3>Polityka firmy<\/h3>\n<p>EURO SHIPPING SERVICES Sp. z o.o. powsta\u0142a w Szczecinie w 1998 roku. Nasz\u0105 g\u0142\u00f3wna dzia\u0142alno\u015bci\u0105 jest po\u015brednictwo pracy dla polskich oficer\u00f3w . Posiadamy Certyfikat Nr. 9736 potwierdzaj\u0105cy wpis do rejestru podmiot\u00f3w prowadz\u0105cych agencje zatrudnienia. Armator, kt\u00f3rego reprezentujemy oferuje zatrudnienie g\u0142\u00f3wnie na statkach typu : coaster, jak r\u00f3wnie\u017c na masowcach, kontenerowcach, samochodowcach oraz Multi-purpose.<\/p>\n<p>Oferty pracy dotycz\u0105 zar\u00f3wno kadry oficerskiej jak r\u00f3wnie\u017c student\u00f3w Akademii Morskiej, kt\u00f3rzy za po\u015brednictwem naszej firmy maj\u0105 szans\u0119 odby\u0107 praktyki zawodowe w charakterze praktykant\u00f3w pok\u0142adowych oraz maszynowych.<\/p>\n<p>Proponowane kontrakty, oparte s\u0105 g\u0142ownie na uk\u0142adzie zbiorowym ITF i s\u0105 zgodne z indywidualnymi warunkami pracy okre\u015blonymi przez armatora i podlegaj\u0105 jednocze\u015bnie prawu bandery.<\/p>\n<p>Wsp\u00f3\u0142praca marynarzy z naszym armatorem \u015bwiadczy o korzystnych warunkach zatrudnienia i wysokich kwalifikacjach rekrutowanych przez nas pracownik\u00f3w.<\/p>\n<h4>W ramach naszej dzia\u0142alno\u015bci \u015bwiadczymy nast\u0119puj\u0105ce us\u0142ugi dla marynarzy:<\/h4>\n<ul>\n<li>przeprowadzamy rekrutacj\u0119 kandydat\u00f3w kieruj\u0105c si\u0119 oczekiwaniami zar\u00f3wno armatora\u00a0jak i marynarza.<\/li>\n<li>przygotowujemy niezb\u0119dn\u0105 dokumentacj\u0119 ( kontrakty w j. angielskim, umowy cywilno &#8211;\u00a0prawne).<\/li>\n<li>w imieniu marynarza ubiegamy si\u0119 o wymagane wizy.<\/li>\n<li>organizujemy podr\u00f3\u017c na lotnisko i z lotniska do miejsca zamieszkania.<\/li>\n<li>na \u017cyczenie marynarza lub upowa\u017cnionych przez niego os\u00f3b wystawiamy\u00a0za\u015bwiadczenia zwi\u0105zane z zatrudnieniem na kontrakcie.<\/li>\n<li>udzielamy pomocy we wszelkich kwestiach spornych pomi\u0119dzy armatorem i\u00a0marynarzem.<\/li>\n<\/ul>\n<p><strong>Us\u0142ugi rekrutacji i po\u015brednictwa pracy oraz pomoc przy wyrabianiu wiz oraz dokument\u00f3w\u00a0<\/strong><strong>pa\u0144stw flagi &#8211; \u015bwiadczone przez Euro Shipping Services sp. z o.o. w Szczeinie s\u0105 bezp\u0142atne<\/strong>.<\/p>\n<p>Dzia\u0142alno\u015b\u0107 rekrutacji i po\u015brednictwa pracy prowadzona przez nasz\u0105 firm\u0119 prowadzona\u00a0jest w spos\u00f3b transparentny, a marynarz jest informowany o warunkach zatrudnienia,\u00a0zawarcia umowy, prawach i obowi\u0105zkach w zwi\u0105zku z przedstawion\u0105 ofert\u0105 pracy u armatora\u00a0zagranicznego.<\/p>\n<p>Nasza firma zobowi\u0105zuj\u0119 do wsp\u00f3\u0142pracy tylko z uznanymi armatorami, gwarantuj\u0105cymi\u00a0poszanowanie praw marynarzy i wype\u0142niania zapis\u00f3w kontraktowych i zobowi\u0105zuje si\u0119 do\u00a0reagowania i rzetelnego rozpatrywania wszelkich skarg, monit\u00f3w, zapyta\u0144 marynarzy i ich\u00a0rodzin w zwi\u0105zku z wykonywan\u0105 przez marynarza prac\u0105 u armatora zagranicznego.<\/p>\n<p>Dok\u0142adamy wszelkich stara\u0144 aby wsp\u00f3\u0142praca z nami opiera\u0142a si\u0119 na wzajemnym zaufaniu,\u00a0wysokiej jako\u015bci us\u0142ug i profesjonalnym dzia\u0142aniu.<\/p>\n<p>[\/et_pb_text][\/et_pb_column][\/et_pb_row][et_pb_row admin_label=&#8221;Wiersz&#8221;][\/et_pb_row][\/et_pb_section]<\/p>\n","protected":false},"excerpt":{"rendered":"<p>Polityka firmy EURO SHIPPING SERVICES Sp. z o.o. powsta\u0142a w Szczecinie w 1998 roku. Nasz\u0105 g\u0142\u00f3wna dzia\u0142alno\u015bci\u0105 jest po\u015brednictwo pracy dla polskich oficer\u00f3w . Posiadamy Certyfikat Nr. 9736 potwierdzaj\u0105cy wpis do rejestru podmiot\u00f3w prowadz\u0105cych agencje zatrudnienia. Armator, kt\u00f3rego reprezentujemy oferuje zatrudnienie g\u0142\u00f3wnie na statkach typu : coaster, jak r\u00f3wnie\u017c na masowcach, kontenerowcach, samochodowcach oraz Multi-purpose. [&hellip;]<\/p>\n","protected":false},"author":1,"featured_media":0,"parent":0,"menu_order":0,"comment_status":"closed","ping_status":"closed","template":"","meta":{"_et_pb_use_builder":"on","_et_pb_old_content":"","_et_gb_content_width":"","footnotes":""},"class_list":["post-119","page","type-page","status-publish","hentry"],"aioseo_notices":[],"_links":{"self":[{"href":"https:\/\/euroshipping.pl\/index.php?rest_route=\/wp\/v2\/pages\/119","targetHints":{"allow":["GET"]}}],"collection":[{"href":"https:\/\/euroshipping.pl\/index.php?rest_route=\/wp\/v2\/pages"}],"about":[{"href":"https:\/\/euroshipping.pl\/index.php?rest_route=\/wp\/v2\/types\/page"}],"author":[{"embeddable":true,"href":"https:\/\/euroshipping.pl\/index.php?rest_route=\/wp\/v2\/users\/1"}],"replies":[{"embeddable":true,"href":"https:\/\/euroshipping.pl\/index.php?rest_route=%2Fwp%2Fv2%2Fcomments&post=119"}],"version-history":[{"count":29,"href":"https:\/\/euroshipping.pl\/index.php?rest_route=\/wp\/v2\/pages\/119\/revisions"}],"predecessor-version":[{"id":716,"href":"https:\/\/euroshipping.pl\/index.php?rest_route=\/wp\/v2\/pages\/119\/revisions\/716"}],"wp:attachment":[{"href":"https:\/\/euroshipping.pl\/index.php?rest_route=%2Fwp%2Fv2%2Fmedia&parent=119"}],"curies":[{"name":"wp","href":"https:\/\/api.w.org\/{rel}","templated":true}]}}